{"id":1239,"date":"2022-02-15T17:24:57","date_gmt":"2022-02-15T17:24:57","guid":{"rendered":"https:\/\/www.dragoslab.org\/?page_id=1239"},"modified":"2025-12-01T07:20:34","modified_gmt":"2025-12-01T07:20:34","slug":"objave","status":"publish","type":"page","link":"https:\/\/www.dragoslab.org\/sl\/objave\/","title":{"rendered":"Objave"},"content":{"rendered":"<div class=\"gb-container gb-container-ba46fbab large-margin\"><div class=\"gb-inside-container\">\n\n<p><strong>Jaka Jakin Lazar<\/strong>, Katarina \u0160imunovi\u0107, Iztok Dog\u0161a, Ines Mandi\u0107 Mulec, &nbsp; Mathias Middelboe, <strong>Anna Drago\u0161<\/strong>. 2025. Distinct effects of mucin on phage-host interactions in model systems of beneficial and pathogenic bacteria. Archives of virology doi: 10.1007\/s00705-025-06322-5. <a href=\"https:\/\/link.springer.com\/article\/10.1007\/s00705-025-06322-5\">link<\/a><\/p>\n\n\n\n<p><strong>Nina Vesel<\/strong>, Eva Stare, Polonca \u0160tefani\u010d, <strong>Valentina Andrea Floccari<\/strong>, Ines Mandi\u0107 Mulec, <strong>Anna Drago\u0161<\/strong>. 2025. Naturally competent bacteria and their genetic parasites &#8211; a battle for control over horizontal gene transfer? FEMS microbiology reviews doi.org\/10.1093\/femsre\/fuaf035 <a href=\"https:\/\/doi.org\/10.1093\/femsre\/fuaf035\" title=\"\">link<\/a><\/p>\n\n\n\n<p><strong>Valentina Andrea Floccari<\/strong>, Helge&nbsp;Feddersen, <strong>Jaka Jakin Lazar, Virginie Marie-Aline Grosboillot,&nbsp;<\/strong>Anna Munk, Paul J. Kempen, Robert Hertel, &nbsp;Toma\u017e Accetto, &nbsp;Akos Kovacs, Marc Bramkamp, <strong>Anna Drago\u0161<\/strong>. 2025. Lysogenic control of Bacillus subtilis morphology and fitness by Spbetavirus phi3T<strong>. <\/strong>Communications biology. DOI:&nbsp;10.1038\/s42003-025-08672-x <a href=\"https:\/\/doi.org\/10.1038\/s42003-025-08672-x\" title=\"\">link<\/a><\/p>\n\n\n\n<p>Polonca Stefanic, Eva Stare, <strong>Valentina A Floccari<\/strong>, Jasna Kovac, Robert Hertel, Ulisses Rocha, \u00c1kos T Kov\u00e1cs, Ines Mandi\u0107-Mulec, Mikael Lenz Strube, <strong>Anna Drago\u0161<\/strong>. 2025. Ecology of prophage-like elements in Bacillus subtilis at global and local geographical scales. Cell Reports. <br>doi: https:\/\/doi.org\/10.1016\/j.celrep.2024.115197 <a href=\"https:\/\/www.sciencedirect.com\/science\/article\/pii\/S2211124724015481?via%3Dihub\" title=\"\">link<\/a><\/p>\n\n\n\n<p><strong>Grosboillot V, Drago\u0161 A.<\/strong> 2024, synphage: a pipeline for phage genome synteny graphics focused on gene conservation. Bioinformatics Advances, <br>doi: https:\/\/doi.org\/10.1093\/bioadv\/vbae126 <a href=\"http:\/\/academic.oup.com\/bioinformaticsadvances\/article\/4\/1\/vbae126\/7745316\">link<\/a><br>Synphage Repository <a href=\"https:\/\/github.com\/vestalisvirginis\/synphage\">link<\/a><br>Containerised Software <a href=\"https:\/\/hub.docker.com\/r\/vestalisvirginis\/synphage\">link<\/a><\/p>\n\n\n\n<p>Miernikiewicz P.,&nbsp;Barylski J.&nbsp;, Wilczak A. <strong>Drago\u0161 A.<\/strong>, Rybicka I., Ba\u0142dysz S., Szymczak A., Dogsa I., Rokush K., Harhala MA.&nbsp;, Ciekot J., Ferenc&nbsp; S., Gnus J., &nbsp;Witkiewicz W., D\u0105browska K. 2023. &nbsp;New Phage-Derived Antibacterial Enzyme PolaR Targeting&nbsp;Rothia&nbsp;spp. MDPI cells. <br>doi: https:\/\/doi.org\/10.3390\/cells12151997 <a href=\"https:\/\/www.mdpi.com\/2073-4409\/12\/15\/1997\">link<\/a><\/p>\n\n\n\n<p><strong>Floccari V., Drago\u0161 A.<\/strong> 2022.&nbsp;Host control by SP\u03b2 phage regulatory switch as potential manipulation strategy. Current Opinion in Microbiology. doi:&nbsp;https:\/\/doi.org\/10.1016\/j.mib.2022.102260 <a href=\"https:\/\/www.sciencedirect.com\/science\/article\/pii\/S1369527422001448\" data-type=\"URL\" data-id=\"https:\/\/www.sciencedirect.com\/science\/article\/pii\/S1369527422001448\">link<\/a><\/p>\n\n\n\n<p><strong>Drago\u0161 A.<\/strong>, Butala M. 2022.&nbsp;Unique relationships between phages and endospore-forming hosts. Trends in Microbiology doi:&nbsp;https:\/\/doi.org\/10.1016\/j.tim.2022.11.009&nbsp; <a href=\"https:\/\/www.cell.com\/trends\/microbiology\/pdf\/S0966-842X(22)00317-1.pdf\">link<\/a><\/p>\n\n\n\n<p>Kohm K.,<strong>Floccari V.A.<\/strong>, Lutz V.T., Nordmann B., Mittelst\u00e4dt C., Poehlein A., <strong>Drago\u0161 A.<\/strong>, Commichau F.M., Hertel R. 2022. The&nbsp;Bacillus&nbsp;phage SP\u03b2 and its relatives: a temperate phage model system reveals new strains, species, prophage integration loci, conserved proteins and lysogeny management components. Environmental Microbiology <a rel=\"noreferrer noopener\" href=\"https:\/\/doi.org\/10.1111\/1462-2920.15964\" target=\"_blank\">link<\/a><\/p>\n\n\n\n<p><strong>Drago\u0161 A.<\/strong>, Andersen AJC., Lozano-Andrade CN., Kempen PJ., Kov\u00e1cs \u00c1T., Strube ML. 2021. Phages carry interbacterial weapons encoded by biosynthetic gene clusters. Current Biology 31, 3479-3489 <a href=\"https:\/\/doi.org\/10.1016\/j.cub.2021.05.046\" target=\"_blank\" rel=\"noreferrer noopener\">link<\/a><\/p>\n\n\n\n<p>Sun X, Xu Z, Xie J, Hesselber-Thomsen V, Tan T, Zheng R, Strube ML, <strong>Drago\u0161 A<\/strong>, Shen Q, Zhang R, Kov\u00e1cs \u00c1T. 2021. Bacillus velenzensis stimulates resident rhizosphere Pseudomonas stutzeri for plant health through metabolic interactions. ISME J. doi.org\/10.1038\/s41396-021-01125-3 <a href=\"https:\/\/doi.org\/10.1038\/s41396-021-01125-3\">l<\/a><a href=\"https:\/\/doi.org\/10.1038\/s41396-021-01125-3\" target=\"_blank\" rel=\"noreferrer noopener\">i<\/a><a href=\"https:\/\/doi.org\/10.1038\/s41396-021-01125-3\">nk<\/a><\/p>\n\n\n\n<p>Danevcic T, <strong>Drago\u0161 A<\/strong>, Spacapan M, Stefanic P, Dogsa I, Mandic-Mulec I. 2021. Surfactin facilitates horizontal gene transfer in Bacillus subtilis. Frontiers in Microbiology 12: 657407 doi: 10.3389\/fmicb.2021.657407 <a href=\"https:\/\/doi.org\/10.3389\/fmicb.2021.657407\" target=\"_blank\" rel=\"noreferrer noopener\">link<\/a><\/p>\n\n\n\n<p>Hartmann R, Jeckel H, Jelli E, Singh PK, Vaidya S, Bayer M, Rode DKH, Vidakovic L, D\u00edaz-Pascual F, Fong JCN, <strong>Drago\u0161 A<\/strong>, Lamprecht O, Th\u00f6ming JG, Netter N, H\u00e4ussler S, Nadell CD, Sourjik V, Kov\u00e1cs \u00c1T, Yildiz FH, Drescher K. 2021. Quantitative image analysis of microbial communities with BiofilmQ. Nature Microbiology 6, 151\u2013156 doi:org\/10.1038\/s41564-020-00817-4 <a href=\"https:\/\/doi.org\/10.1038\/s41564-021-00863-6\" target=\"_blank\" rel=\"noreferrer noopener\">link<\/a><\/p>\n\n\n\n<p>Dogsa I, Spacapan M, <strong>Drago\u0161 A<\/strong>, Danevcic T, Pandur Z, Mandic-Mulec I. 2021. Peptide signaling without feedback in signal production operates as a true quorum sensing communication system in Bacillus subtilis. Communications biology 4, 58 doi: org\/10.1038\/s42003-020-01553-5 <a href=\"https:\/\/doi.org\/10.1038\/s42003-020-01553-5\" target=\"_blank\" rel=\"noreferrer noopener\">link<\/a><\/p>\n\n\n\n<p>Gallegos-Monterrosa R, Nordgaard Christensen M, Barchewitz T, Koppenh\u00f6fer S, Priyadarshini B, B\u00e1lint B, Mar\u00f3ti G, Kempen PJ, <strong>Drago\u0161 A<\/strong>, Kov\u00e1cs \u00c1T. 2021. Impact of Rap-Phr system abundance on adaptation of Bacillus subtilis. Communications biology 13;4(1):468 doi: 10.1038\/s42003-021-01983-9 <a href=\"https:\/\/doi.org\/10.1038\/s42003-021-01983-9\" target=\"_blank\" rel=\"noreferrer noopener\">link<\/a><\/p>\n\n\n\n<p><strong>Drago\u0161 A.<\/strong>, Priyadarshini B., Hasan Z., Lenz-Strube M., Kempen PJ., Mar\u00f3ti G., Kaspar C., Bose B., Burton BM., Bischofs IB., Kov\u00e1cs AT. 2020. Pervasive prophage recombination occurs during evolution of spore-forming Bacilli. ISME J, doi: 10.1038\/s41396-020-00854-1 <a href=\"https:\/\/doi.org\/10.1038\/s41396-020-00854-1\" target=\"_blank\" rel=\"noreferrer noopener\">link<\/a><\/p>\n\n\n\n<p>Martin M, <strong>Drago\u0161 A<\/strong>, Otto SB, Sch\u00e4fer D, Brix S, Mar\u00f3ti G, Kov\u00e1cs \u00c1T. 2020. Cheaters shape the evolution of phenotypic heterogeneity in Bacillus subtilis biofilms. The ISME journal 14 (9), 2302-2312 <a href=\"https:\/\/doi.org\/10.1038\/s41396-020-0685-4\" target=\"_blank\" rel=\"noreferrer noopener\">link<\/a><\/p>\n\n\n\n<p>Otto SB., Martin M., Sch\u00e4fer D., Hartmann R., Drescher K., Brix S., <strong>Drago\u0161 A.<\/strong>#, Kov\u00e1cs \u00c1T#. 2020. Privatization of biofilm matrix in structurally heterogenous biofilms. mSystems, doi: 10.1128\/mSystems.00425-20 <a href=\"https:\/\/doi.org\/10.1128\/mSystems.00425-20\" target=\"_blank\" rel=\"noreferrer noopener\">link<\/a><\/p>\n\n\n\n<p>Falc\u00f3n Garc\u00eda C, Kretschmer M, Lozano-Andrade C, Sch\u00f6nleitner M, <strong>Drago\u0161 A<\/strong>, \u00c1T Kov\u00e1cs, Lieleg O. 2020. Metal ions weaken the hydrophobicity and antibiotic resistance of Bacillus subtilis NCIB 3610 biofilms. npj Biofilms and Microbiomes 6 1 doi:org\/10.1038\/s41522-019-0111-8 <a href=\"https:\/\/doi.org\/10.1038\/s41522-019-0111-8\" target=\"_blank\" rel=\"noreferrer noopener\">link<\/a><\/p>\n\n\n\n<p><strong>Drago\u0161 A.<\/strong>, Kov\u00e1cs \u00c1T. 2019. Evolved biofilm: review on the experimental evolution studies of Bacillus subtilis pellicles. Journal of Molecular Biology, doi: 10.1016\/j.jmb.2019.02.005 <a href=\"https:\/\/doi.org\/10.1016\/j.jmb.2019.02.005\" target=\"_blank\" rel=\"noreferrer noopener\">link<\/a><\/p>\n\n\n\n<p>H\u00f6lscher T., Schiklang T., <strong>Drago\u0161 A.<\/strong>, Dietel AK., Kost C., Kov\u00e1cs \u00c1T. 2018. Impaired competence in flagellar mutants of Bacillus subtilis is connected to the regulatory network governed by DegU. Environmental microbiology reports 10: 23-32 <a href=\"https:\/\/doi.org\/10.1111\/1758-2229.12601\" target=\"_blank\" rel=\"noreferrer noopener\">link<\/a><\/p>\n\n\n\n<p><strong>Drago\u0161 A.<\/strong>, Martin M., Falc\u00f3n Garc\u00eda C.,Kricks L., Pausch P., Heimerl T., B\u00e1lint B., Mar\u00f3ti G., Bange G., L\u00f3pez D., Lieleg O., Kov\u00e1cs \u00c1T. 2018. Collapse of genetic division of labor and evolution of autonomy in pellicle biofilms. Nature Microbiology 3: 1451\u20131460 <a href=\"https:\/\/doi.org\/10.1038\/s41564-018-0263-y\" target=\"_blank\" rel=\"noreferrer noopener\">link<\/a><\/p>\n\n\n\n<p><strong>Drago\u0161 A.<\/strong>, Kiesewalter H., Martin M., Hsu C-Y., Hartmann R., Wechsler T., Drescher K., Stanley-Wall N., K\u00fcmmerli R., Kov\u00e1cs \u00c1T. 2018. Division of labor during biofilm matrix production. Current Biology 28, 1903-1913 <a href=\"https:\/\/doi.org\/10.1016\/j.cub.2018.04.046\" target=\"_blank\" rel=\"noreferrer noopener\">link<\/a><\/p>\n\n\n\n<p><strong>Drago\u0161 A.<\/strong>, Lakshmanan N., Martin M., B\u00e1lint B., Mar\u00f3ti G., Falcon Garcia C., Lieleg O., Kov\u00e1cs \u00c1T. 2018. Evolution of exploitative interactions during diversification in Bacillus subtilis biofilms. FEMS Microbiology Ecology, doi.org\/10.1093\/femsec\/fix155 <a href=\"https:\/\/doi.org\/10.1093\/femsec\/fix155\" target=\"_blank\" rel=\"noreferrer noopener\">link<\/a><\/p>\n\n\n\n<p>Martin M.*, <strong>Drago\u0161 A.<\/strong>*, H\u00f6lscher T.*, Mar\u00f3ti G., B\u00e1lint B., Westermann M., Kov\u00e1cs \u00c1T. 2017. De novo evolved interference competition promotes the spread of biofilm defectors. Nature Communications, doi: 10.1038\/ncomms15127 <a rel=\"noreferrer noopener\" href=\"https:\/\/www.nature.com\/articles\/ncomms15127\" target=\"_blank\">link<\/a><\/p>\n\n\n\n<p><strong>Drago\u0161 A.<\/strong>, Kov\u00e1cs \u00c1T., Claessen D. 2017. The role of functional amyloid in multicellular growth and development of Gram-positive bacteria. Biomolecules 7(3) E60. doi: 10.3390\/biom7030060. <a href=\"https:\/\/doi.org\/10.3390\/biom7030060\" target=\"_blank\" rel=\"noreferrer noopener\">link<\/a><\/p>\n\n\n\n<p><strong>Drago\u0161 A.<\/strong>, Kov\u00e1cs \u00c1T. 2016. Peculiar functions of bacterial extracellular matrix. Trends in Microbiology doi:org\/10.1016\/j.tim.2016.12.010 <a href=\"https:\/\/doi.org\/10.1016\/j.tim.2016.12.010\" target=\"_blank\" rel=\"noreferrer noopener\">link<\/a><\/p>\n\n\n\n<p>H\u00f6lscher T., <strong>Drago\u0161 A.<\/strong>, Gallegos-Monterrosa R., Martin M., Mhatre E., Richter A., Kov\u00e1cs \u00c1T. 2016. Monitoring spatial segragation in surface colonizing populations. Journal of Visualized Experiments e54752, doi:10.3791\/54752 <a href=\"https:\/\/www.jove.com\/video\/54752\" target=\"_blank\" rel=\"noreferrer noopener\">link<\/a><\/p>\n\n\n\n<p>Martin M.*<em>, H\u00f6lscher T.<\/em>*, <strong>Drago\u0161 A.<\/strong>*, Cooper V., Kov\u00e1cs \u00c1T. 2016. Laboratory evolution of microbial interactions in bacterial biofilms. Journal of Bacteriology 198: 2564-2571 <a rel=\"noreferrer noopener\" href=\"https:\/\/doi.org\/10.1128\/JB.01018-15\" target=\"_blank\">link<\/a><\/p>\n\n\n\n<p><strong>Oslizlo A.<\/strong>, \u0160tefanic P., Vatovec S., Beigot Glaser S., Rupnik M., Mandic-Mulec I. 2015. Exploring ComQXPA quorum sensing diversity and biocontrol potential of Bacillus spp. isolates from tomato rhizoplane. Microbial Biotechnology 8: 527-540 <a rel=\"noreferrer noopener\" href=\"https:\/\/doi.org\/10.1111\/1751-7915.12258\" target=\"_blank\">link<\/a><\/p>\n\n\n\n<p>Dog\u0161a I. *, <strong>Oslizlo A.<\/strong> *, \u0160tefanic P., Mandic-Mulec I. 2014. Social interactions and biofilm formation in Bacillus subtilis. Food Technology and Biotechnology 52: 149-157 <a rel=\"noreferrer noopener\" href=\"https:\/\/hrcak.srce.hr\/file\/180832\" target=\"_blank\">link<\/a><\/p>\n\n\n\n<p><strong>Oslizlo A.<\/strong>, \u0160tefanic P., Dog\u0161a I., Mandic-Mulec I. 2014. Private link between signal and response in Bacillus subtilis quorum sensing. Proceedings of the National Academy of Sciences USA 111: 1586-1591 <a href=\"https:\/\/doi.org\/10.1073\/pnas.1316283111\" target=\"_blank\" rel=\"noreferrer noopener\">link<\/a><\/p>\n\n\n\n<p>Miernikiewicz P., Owczarek B., Piotrowicz A.,Boczkowska B., Rzewucka K., Figura G., Letarov A., Kulikov E., Kopciuch A., Switala-Jelen K., <strong>Oslizlo A.<\/strong>, Hodyra K., Gubernator J., Dabrowska K. 2012. Recombinant expression and purification of T4 phage Hoc, Soc, gp23, gp24 proteins in native conformations with stability studies. Plos One doi:10.1371\/journal.pone.0038902 <a href=\"https:\/\/doi.org\/10.1371\/journal.pone.0038902\" target=\"_blank\" rel=\"noreferrer noopener\">link<\/a><\/p>\n\n\n\n<p><strong>Oslizlo A.<\/strong>, Miernikiewicz P., Piotrowicz A., Owczarek B., Kopciuch A., Figura G., Dabrowska K. 2011. Purification of phage display-modified bacteriophage T4 by affinity chromatography. BMC Biotechnology doi: 10.1186\/1472-6750-11-59 <a href=\"https:\/\/doi.org\/10.1186\/1472-6750-11-59\" target=\"_blank\" rel=\"noreferrer noopener\">link<\/a><\/p>\n\n<\/div><\/div>","protected":false},"excerpt":{"rendered":"<p>Jaka Jakin Lazar, Katarina \u0160imunovi\u0107, Iztok Dog\u0161a, Ines Mandi\u0107 Mulec, &nbsp; Mathias Middelboe, Anna Drago\u0161. 2025. Distinct effects of mucin on phage-host interactions in model systems of beneficial and pathogenic bacteria. Archives of virology doi: 10.1007\/s00705-025-06322-5. link Nina Vesel, Eva Stare, Polonca \u0160tefani\u010d, Valentina Andrea Floccari, Ines Mandi\u0107 Mulec, Anna Drago\u0161. 2025. Naturally competent bacteria &#8230; <a title=\"Objave\" class=\"read-more\" href=\"https:\/\/www.dragoslab.org\/sl\/objave\/\" aria-label=\"Read more about Objave\">Read more<\/a><\/p>\n","protected":false},"author":1,"featured_media":0,"parent":0,"menu_order":0,"comment_status":"closed","ping_status":"closed","template":"","meta":{"slim_seo":{"title":"Objave - Drago\u0161 Lab","description":""},"footnotes":""},"class_list":["post-1239","page","type-page","status-publish"],"_links":{"self":[{"href":"https:\/\/www.dragoslab.org\/sl\/wp-json\/wp\/v2\/pages\/1239","targetHints":{"allow":["GET"]}}],"collection":[{"href":"https:\/\/www.dragoslab.org\/sl\/wp-json\/wp\/v2\/pages"}],"about":[{"href":"https:\/\/www.dragoslab.org\/sl\/wp-json\/wp\/v2\/types\/page"}],"author":[{"embeddable":true,"href":"https:\/\/www.dragoslab.org\/sl\/wp-json\/wp\/v2\/users\/1"}],"replies":[{"embeddable":true,"href":"https:\/\/www.dragoslab.org\/sl\/wp-json\/wp\/v2\/comments?post=1239"}],"version-history":[{"count":11,"href":"https:\/\/www.dragoslab.org\/sl\/wp-json\/wp\/v2\/pages\/1239\/revisions"}],"predecessor-version":[{"id":1689,"href":"https:\/\/www.dragoslab.org\/sl\/wp-json\/wp\/v2\/pages\/1239\/revisions\/1689"}],"wp:attachment":[{"href":"https:\/\/www.dragoslab.org\/sl\/wp-json\/wp\/v2\/media?parent=1239"}],"curies":[{"name":"wp","href":"https:\/\/api.w.org\/{rel}","templated":true}]}}